{"id":128,"date":"2023-04-09T13:57:46","date_gmt":"2023-04-09T11:57:46","guid":{"rendered":"https:\/\/elevation.to\/?page_id=128"},"modified":"2024-03-20T10:03:32","modified_gmt":"2024-03-20T09:03:32","slug":"toutes-les-pages-elevation","status":"publish","type":"page","link":"https:\/\/elevationhero.com\/en\/all-pages-elevation\/","title":{"rendered":"All pages Elevation"},"content":{"rendered":"<div data-elementor-type=\"wp-page\" data-elementor-id=\"128\" class=\"elementor elementor-128\" data-elementor-post-type=\"page\">\n\t\t\t\t<div class=\"elementor-element elementor-element-ca983c7 e-con-full e-flex e-con e-parent\" data-id=\"ca983c7\" data-element_type=\"container\" data-settings=\"{&quot;background_background&quot;:&quot;classic&quot;,&quot;shape_divider_bottom&quot;:&quot;mountains&quot;}\" data-e-bg-lazyload=\"\" data-core-v316-plus=\"true\">\n\t\t\t\t<div class=\"elementor-shape elementor-shape-bottom\" data-negative=\"false\">\n\t\t\t<svg xmlns=\"http:\/\/www.w3.org\/2000\/svg\" viewbox=\"0 0 1000 100\" preserveaspectratio=\"none\">\n\t<path class=\"elementor-shape-fill\" opacity=\"0.33\" d=\"M473,67.3c-203.9,88.3-263.1-34-320.3,0C66,119.1,0,59.7,0,59.7V0h1000v59.7 c0,0-62.1,26.1-94.9,29.3c-32.8,3.3-62.8-12.3-75.8-22.1C806,49.6,745.3,8.7,694.9,4.7S492.4,59,473,67.3z\"\/>\n\t<path class=\"elementor-shape-fill\" opacity=\"0.66\" d=\"M734,67.3c-45.5,0-77.2-23.2-129.1-39.1c-28.6-8.7-150.3-10.1-254,39.1 s-91.7-34.4-149.2,0C115.7,118.3,0,39.8,0,39.8V0h1000v36.5c0,0-28.2-18.5-92.1-18.5C810.2,18.1,775.7,67.3,734,67.3z\"\/>\n\t<path class=\"elementor-shape-fill\" d=\"M766.1,28.9c-200-57.5-266,65.5-395.1,19.5C242,1.8,242,5.4,184.8,20.6C128,35.8,132.3,44.9,89.9,52.5C28.6,63.7,0,0,0,0 h1000c0,0-9.9,40.9-83.6,48.1S829.6,47,766.1,28.9z\"\/>\n<\/svg>\t\t<\/div>\n\t\t<div class=\"elementor-element elementor-element-abb216f e-con-full e-flex e-con e-child\" data-id=\"abb216f\" data-element_type=\"container\" data-settings=\"{&quot;background_background&quot;:&quot;classic&quot;}\">\n\t\t\t\t<div class=\"elementor-element elementor-element-1392dce elementor-widget elementor-widget-heading\" data-id=\"1392dce\" data-element_type=\"widget\" data-widget_type=\"heading.default\">\n\t\t\t\t<div class=\"elementor-widget-container\">\n\t\t\t<style>\/*! elementor - v3.20.0 - 13-03-2024 *\/\n.elementor-heading-title{padding:0;margin:0;line-height:1}.elementor-widget-heading .elementor-heading-title[class*=elementor-size-]>a{color:inherit;font-size:inherit;line-height:inherit}.elementor-widget-heading .elementor-heading-title.elementor-size-small{font-size:15px}.elementor-widget-heading .elementor-heading-title.elementor-size-medium{font-size:19px}.elementor-widget-heading .elementor-heading-title.elementor-size-large{font-size:29px}.elementor-widget-heading .elementor-heading-title.elementor-size-xl{font-size:39px}.elementor-widget-heading .elementor-heading-title.elementor-size-xxl{font-size:59px}<\/style><h1 class=\"elementor-heading-title elementor-size-default\">All pages<\/h1>\t\t<\/div>\n\t\t\t\t<\/div>\n\t\t\t\t<div class=\"elementor-element elementor-element-77f2899 elementor-view-default elementor-widget elementor-widget-icon\" data-id=\"77f2899\" data-element_type=\"widget\" data-widget_type=\"icon.default\">\n\t\t\t\t<div class=\"elementor-widget-container\">\n\t\t\t\t\t<div class=\"elementor-icon-wrapper\">\n\t\t\t<div class=\"elementor-icon\">\n\t\t\t<svg xmlns=\"http:\/\/www.w3.org\/2000\/svg\" viewbox=\"0 0 65.43 59.68\"><defs><style><\/style><\/defs><title>top<\/title><g id=\"Calque_2\" data-name=\"Calque 2\"><g id=\"Calque_1-2\" data-name=\"Calque 1\"><path class=\"cls-1\" d=\"M32.78,59.68,31.7,59C29,57.24,4.95,41.68.7,33.68L0,32.36,32.66,0,65.43,32.69,64.65,34c-4.93,8.44-29.74,24.3-30.79,25ZM5,33c4.55,6.1,20.44,17.13,27.76,21.91,7.14-4.63,22.67-15.38,27.55-21.67L32.65,5.64Z\"><\/path><\/g><\/g><\/svg>\t\t\t<\/div>\n\t\t<\/div>\n\t\t\t\t<\/div>\n\t\t\t\t<\/div>\n\t\t\t\t<\/div>\n\t\t\t\t<\/div>\n\t\t<div class=\"elementor-element elementor-element-0ec8252 e-flex e-con-boxed e-con e-parent\" data-id=\"0ec8252\" data-element_type=\"container\" data-core-v316-plus=\"true\">\n\t\t\t\t\t<div class=\"e-con-inner\">\n\t\t\t\t<div class=\"elementor-element elementor-element-4843c03 elementor-widget elementor-widget-sitemap\" data-id=\"4843c03\" data-element_type=\"widget\" data-widget_type=\"sitemap.default\">\n\t\t\t\t<div class=\"elementor-widget-container\">\n\t\t\t<link rel=\"stylesheet\" href=\"https:\/\/elevationhero.com\/wp-content\/plugins\/elementor-pro\/assets\/css\/widget-theme-elements.min.css\"><div class=\"elementor-sitemap-wrap\"><div class=\"elementor-sitemap-section\"><h2 class=\"elementor-sitemap-title elementor-sitemap-page-title\">Pages<\/h2><ul class=\"elementor-sitemap-list elementor-sitemap-page-list\"><li class=\"elementor-sitemap-item elementor-sitemap-item-page page_item page-item-729\"><a href=\"https:\/\/elevationhero.com\/en\/read-for-free-the-book-elevation\/\">Read the book El\u00e9vation online for free<\/a><\/li><li class=\"elementor-sitemap-item elementor-sitemap-item-page page_item page-item-139\"><a href=\"https:\/\/elevationhero.com\/en\/a-propos\/\">About El\u00e9vation: History, origins and more<\/a><\/li><li class=\"elementor-sitemap-item elementor-sitemap-item-page page_item page-item-128\"><a href=\"https:\/\/elevationhero.com\/en\/all-pages-elevation\/\">All pages Elevation<\/a><\/li><li class=\"elementor-sitemap-item elementor-sitemap-item-page page_item page-item-126\"><a href=\"https:\/\/elevationhero.com\/en\/contact\/\">Contact El\u00e9vation : Question, request and more<\/a><\/li><li class=\"elementor-sitemap-item elementor-sitemap-item-page page_item page-item-23\"><a href=\"https:\/\/elevationhero.com\/en\/\">Elevation: lifting our lives &amp; our world<\/a><\/li><\/ul><\/div><div class=\"elementor-sitemap-section\"><h2 class=\"elementor-sitemap-title elementor-sitemap-post-title\">Articles<\/h2><span class=\"elementor-sitemap-list elementor-sitemap-post-list\">None<\/span><\/div><div class=\"elementor-sitemap-section\"><h2 class=\"elementor-sitemap-title elementor-sitemap-category-title\">Categories<\/h2><ul class=\"elementor-sitemap-list elementor-sitemap-category-list\">\t<li class=\"elementor-sitemap-item elementor-sitemap-item-category cat-item cat-item-18\"><a href=\"https:\/\/elevationhero.com\/en\/articles\/category\/social\/\">Social<\/a>\n<\/li>\n\t<li class=\"elementor-sitemap-item elementor-sitemap-item-category cat-item cat-item-29\"><a href=\"https:\/\/elevationhero.com\/en\/articles\/category\/health\/\">Health<\/a>\n<\/li>\n\t<li class=\"elementor-sitemap-item elementor-sitemap-item-category cat-item cat-item-17\"><a href=\"https:\/\/elevationhero.com\/en\/articles\/category\/policy\/\">Policy<\/a>\n<\/li>\n\t<li class=\"elementor-sitemap-item elementor-sitemap-item-category cat-item cat-item-1\"><a href=\"https:\/\/elevationhero.com\/en\/articles\/category\/general\/\">General<\/a>\n<\/li>\n\t<li class=\"elementor-sitemap-item elementor-sitemap-item-category cat-item cat-item-49\"><a href=\"https:\/\/elevationhero.com\/en\/articles\/category\/economy\/\">Economy<\/a>\n<\/li>\n\t<li class=\"elementor-sitemap-item elementor-sitemap-item-category cat-item cat-item-36\"><a href=\"https:\/\/elevationhero.com\/en\/articles\/category\/ecology\/\">Ecology<\/a>\n<\/li>\n<\/ul><\/div><\/div>\t\t<\/div>\n\t\t\t\t<\/div>\n\t\t\t\t\t<\/div>\n\t\t\t\t<\/div>\n\t\t\t\t<\/div>","protected":false},"excerpt":{"rendered":"<p>All top pages<\/p>","protected":false},"author":1,"featured_media":1106,"parent":0,"menu_order":0,"comment_status":"closed","ping_status":"closed","template":"elementor_header_footer","meta":{"footnotes":""},"class_list":["post-128","page","type-page","status-publish","has-post-thumbnail","hentry"],"yoast_head":"<!-- This site is optimized with the Yoast SEO Premium plugin v21.9 (Yoast SEO v21.9.1) - https:\/\/yoast.com\/wordpress\/plugins\/seo\/ -->\n<title>D\u00e9couvrez toutes les pages d&#039;El\u00e9vation<\/title>\n<meta name=\"description\" content=\"D\u00e9couvrez toutes les pages qui composent le site El\u00e9vation : Cha\u00eene vid\u00e9o, livre, articles, contact et bien +\" \/>\n<meta name=\"robots\" content=\"index, follow, max-snippet:-1, max-image-preview:large, max-video-preview:-1\" \/>\n<link rel=\"canonical\" href=\"https:\/\/elevationhero.com\/en\/all-pages-elevation\/\" \/>\n<meta property=\"og:locale\" content=\"en_US\" \/>\n<meta property=\"og:type\" content=\"article\" \/>\n<meta property=\"og:title\" content=\"D\u00e9couvrez toutes les pages d&#039;El\u00e9vation\" \/>\n<meta property=\"og:description\" content=\"D\u00e9couvrez toutes les pages qui composent le site El\u00e9vation : Cha\u00eene vid\u00e9o, livre, articles, contact et bien +\" \/>\n<meta property=\"og:url\" content=\"https:\/\/elevationhero.com\/en\/all-pages-elevation\/\" \/>\n<meta property=\"og:site_name\" content=\"Elevation\" \/>\n<meta property=\"article:modified_time\" content=\"2024-03-20T09:03:32+00:00\" \/>\n<meta property=\"og:image\" content=\"https:\/\/elevationhero.com\/wp-content\/uploads\/2024\/02\/le-logo-delevation-est-represente-sur-une-route-avec-un-vignoble-en-arriere-plan.jpg\" \/>\n\t<meta property=\"og:image:width\" content=\"1200\" \/>\n\t<meta property=\"og:image:height\" content=\"675\" \/>\n\t<meta property=\"og:image:type\" content=\"image\/jpeg\" \/>\n<meta name=\"twitter:card\" content=\"summary_large_image\" \/>\n<meta name=\"twitter:title\" content=\"D\u00e9couvrez toutes les pages d&#039;El\u00e9vation\" \/>\n<meta name=\"twitter:description\" content=\"D\u00e9couvrez toutes les pages qui composent le site El\u00e9vation : Cha\u00eene vid\u00e9o, livre, articles, contact et bien +\" \/>\n<meta name=\"twitter:label1\" content=\"Est. reading time\" \/>\n\t<meta name=\"twitter:data1\" content=\"1 minute\" \/>\n<script type=\"application\/ld+json\" class=\"yoast-schema-graph\">{\"@context\":\"https:\/\/schema.org\",\"@graph\":[{\"@type\":\"WebPage\",\"@id\":\"https:\/\/elevationhero.com\/toutes-les-pages-elevation\/\",\"url\":\"https:\/\/elevationhero.com\/toutes-les-pages-elevation\/\",\"name\":\"D\u00e9couvrez toutes les pages d'El\u00e9vation\",\"isPartOf\":{\"@id\":\"https:\/\/elevationhero.com\/#website\"},\"datePublished\":\"2023-04-09T11:57:46+00:00\",\"dateModified\":\"2024-03-20T09:03:32+00:00\",\"description\":\"D\u00e9couvrez toutes les pages qui composent le site El\u00e9vation : Cha\u00eene vid\u00e9o, livre, articles, contact et bien +\",\"breadcrumb\":{\"@id\":\"https:\/\/elevationhero.com\/toutes-les-pages-elevation\/#breadcrumb\"},\"inLanguage\":\"en-US\",\"potentialAction\":[{\"@type\":\"ReadAction\",\"target\":[\"https:\/\/elevationhero.com\/toutes-les-pages-elevation\/\"]}]},{\"@type\":\"BreadcrumbList\",\"@id\":\"https:\/\/elevationhero.com\/toutes-les-pages-elevation\/#breadcrumb\",\"itemListElement\":[{\"@type\":\"ListItem\",\"position\":1,\"name\":\"Accueil\",\"item\":\"https:\/\/elevationhero.com\/\"},{\"@type\":\"ListItem\",\"position\":2,\"name\":\"Toutes les pages Elevation\"}]},{\"@type\":\"WebSite\",\"@id\":\"https:\/\/elevationhero.com\/#website\",\"url\":\"https:\/\/elevationhero.com\/\",\"name\":\"Elevation\",\"description\":\"Devenons nos propres h\u00e9ros pour impacter le monde positivement\",\"publisher\":{\"@id\":\"https:\/\/elevationhero.com\/#organization\"},\"potentialAction\":[{\"@type\":\"SearchAction\",\"target\":{\"@type\":\"EntryPoint\",\"urlTemplate\":\"https:\/\/elevationhero.com\/?s={search_term_string}\"},\"query-input\":\"required name=search_term_string\"}],\"inLanguage\":\"en-US\"},{\"@type\":\"Organization\",\"@id\":\"https:\/\/elevationhero.com\/#organization\",\"name\":\"Elevation\",\"url\":\"https:\/\/elevationhero.com\/\",\"logo\":{\"@type\":\"ImageObject\",\"inLanguage\":\"en-US\",\"@id\":\"https:\/\/elevationhero.com\/#\/schema\/logo\/image\/\",\"url\":\"https:\/\/elevationhero.com\/wp-content\/uploads\/2023\/04\/Logo_Text_Black1000_.png\",\"contentUrl\":\"https:\/\/elevationhero.com\/wp-content\/uploads\/2023\/04\/Logo_Text_Black1000_.png\",\"width\":1001,\"height\":1180,\"caption\":\"Elevation\"},\"image\":{\"@id\":\"https:\/\/elevationhero.com\/#\/schema\/logo\/image\/\"}}]}<\/script>\n<!-- \/ Yoast SEO Premium plugin. -->","yoast_head_json":{"title":"D\u00e9couvrez toutes les pages d'El\u00e9vation","description":"D\u00e9couvrez toutes les pages qui composent le site El\u00e9vation : Cha\u00eene vid\u00e9o, livre, articles, contact et bien +","robots":{"index":"index","follow":"follow","max-snippet":"max-snippet:-1","max-image-preview":"max-image-preview:large","max-video-preview":"max-video-preview:-1"},"canonical":"https:\/\/elevationhero.com\/en\/all-pages-elevation\/","og_locale":"en_US","og_type":"article","og_title":"D\u00e9couvrez toutes les pages d'El\u00e9vation","og_description":"D\u00e9couvrez toutes les pages qui composent le site El\u00e9vation : Cha\u00eene vid\u00e9o, livre, articles, contact et bien +","og_url":"https:\/\/elevationhero.com\/en\/all-pages-elevation\/","og_site_name":"Elevation","article_modified_time":"2024-03-20T09:03:32+00:00","og_image":[{"width":1200,"height":675,"url":"https:\/\/elevationhero.com\/wp-content\/uploads\/2024\/02\/le-logo-delevation-est-represente-sur-une-route-avec-un-vignoble-en-arriere-plan.jpg","type":"image\/jpeg"}],"twitter_card":"summary_large_image","twitter_title":"D\u00e9couvrez toutes les pages d'El\u00e9vation","twitter_description":"D\u00e9couvrez toutes les pages qui composent le site El\u00e9vation : Cha\u00eene vid\u00e9o, livre, articles, contact et bien +","twitter_misc":{"Est. reading time":"1 minute"},"schema":{"@context":"https:\/\/schema.org","@graph":[{"@type":"WebPage","@id":"https:\/\/elevationhero.com\/toutes-les-pages-elevation\/","url":"https:\/\/elevationhero.com\/toutes-les-pages-elevation\/","name":"D\u00e9couvrez toutes les pages d'El\u00e9vation","isPartOf":{"@id":"https:\/\/elevationhero.com\/#website"},"datePublished":"2023-04-09T11:57:46+00:00","dateModified":"2024-03-20T09:03:32+00:00","description":"D\u00e9couvrez toutes les pages qui composent le site El\u00e9vation : Cha\u00eene vid\u00e9o, livre, articles, contact et bien +","breadcrumb":{"@id":"https:\/\/elevationhero.com\/toutes-les-pages-elevation\/#breadcrumb"},"inLanguage":"en-US","potentialAction":[{"@type":"ReadAction","target":["https:\/\/elevationhero.com\/toutes-les-pages-elevation\/"]}]},{"@type":"BreadcrumbList","@id":"https:\/\/elevationhero.com\/toutes-les-pages-elevation\/#breadcrumb","itemListElement":[{"@type":"ListItem","position":1,"name":"Accueil","item":"https:\/\/elevationhero.com\/"},{"@type":"ListItem","position":2,"name":"Toutes les pages Elevation"}]},{"@type":"WebSite","@id":"https:\/\/elevationhero.com\/#website","url":"https:\/\/elevationhero.com\/","name":"Elevation","description":"Devenons nos propres h\u00e9ros pour impacter le monde positivement","publisher":{"@id":"https:\/\/elevationhero.com\/#organization"},"potentialAction":[{"@type":"SearchAction","target":{"@type":"EntryPoint","urlTemplate":"https:\/\/elevationhero.com\/?s={search_term_string}"},"query-input":"required name=search_term_string"}],"inLanguage":"en-US"},{"@type":"Organization","@id":"https:\/\/elevationhero.com\/#organization","name":"Elevation","url":"https:\/\/elevationhero.com\/","logo":{"@type":"ImageObject","inLanguage":"en-US","@id":"https:\/\/elevationhero.com\/#\/schema\/logo\/image\/","url":"https:\/\/elevationhero.com\/wp-content\/uploads\/2023\/04\/Logo_Text_Black1000_.png","contentUrl":"https:\/\/elevationhero.com\/wp-content\/uploads\/2023\/04\/Logo_Text_Black1000_.png","width":1001,"height":1180,"caption":"Elevation"},"image":{"@id":"https:\/\/elevationhero.com\/#\/schema\/logo\/image\/"}}]}},"_links":{"self":[{"href":"https:\/\/elevationhero.com\/en\/wp-json\/wp\/v2\/pages\/128","targetHints":{"allow":["GET"]}}],"collection":[{"href":"https:\/\/elevationhero.com\/en\/wp-json\/wp\/v2\/pages"}],"about":[{"href":"https:\/\/elevationhero.com\/en\/wp-json\/wp\/v2\/types\/page"}],"author":[{"embeddable":true,"href":"https:\/\/elevationhero.com\/en\/wp-json\/wp\/v2\/users\/1"}],"replies":[{"embeddable":true,"href":"https:\/\/elevationhero.com\/en\/wp-json\/wp\/v2\/comments?post=128"}],"version-history":[{"count":21,"href":"https:\/\/elevationhero.com\/en\/wp-json\/wp\/v2\/pages\/128\/revisions"}],"predecessor-version":[{"id":1126,"href":"https:\/\/elevationhero.com\/en\/wp-json\/wp\/v2\/pages\/128\/revisions\/1126"}],"wp:featuredmedia":[{"embeddable":true,"href":"https:\/\/elevationhero.com\/en\/wp-json\/wp\/v2\/media\/1106"}],"wp:attachment":[{"href":"https:\/\/elevationhero.com\/en\/wp-json\/wp\/v2\/media?parent=128"}],"curies":[{"name":"wp","href":"https:\/\/api.w.org\/{rel}","templated":true}]}}