{"id":139,"date":"2023-04-09T14:01:03","date_gmt":"2023-04-09T12:01:03","guid":{"rendered":"https:\/\/elevation.to\/?page_id=139"},"modified":"2025-08-29T18:06:23","modified_gmt":"2025-08-29T16:06:23","slug":"a-propos-d-elevation-histoire-origine","status":"publish","type":"page","link":"https:\/\/elevationhero.com\/en\/a-propos\/","title":{"rendered":"About El\u00e9vation: History, origins and more"},"content":{"rendered":"<div data-elementor-type=\"wp-page\" data-elementor-id=\"139\" class=\"elementor elementor-139\" data-elementor-post-type=\"page\">\n\t\t\t\t<div class=\"elementor-element elementor-element-5f7a33c e-con-full e-flex e-con e-parent\" data-id=\"5f7a33c\" data-element_type=\"container\" data-settings=\"{&quot;background_background&quot;:&quot;classic&quot;,&quot;shape_divider_bottom&quot;:&quot;mountains&quot;}\" data-e-bg-lazyload=\"\" data-core-v316-plus=\"true\">\n\t\t\t\t<div class=\"elementor-shape elementor-shape-bottom\" data-negative=\"false\">\n\t\t\t<svg xmlns=\"http:\/\/www.w3.org\/2000\/svg\" viewbox=\"0 0 1000 100\" preserveaspectratio=\"none\">\n\t<path class=\"elementor-shape-fill\" opacity=\"0.33\" d=\"M473,67.3c-203.9,88.3-263.1-34-320.3,0C66,119.1,0,59.7,0,59.7V0h1000v59.7 c0,0-62.1,26.1-94.9,29.3c-32.8,3.3-62.8-12.3-75.8-22.1C806,49.6,745.3,8.7,694.9,4.7S492.4,59,473,67.3z\"\/>\n\t<path class=\"elementor-shape-fill\" opacity=\"0.66\" d=\"M734,67.3c-45.5,0-77.2-23.2-129.1-39.1c-28.6-8.7-150.3-10.1-254,39.1 s-91.7-34.4-149.2,0C115.7,118.3,0,39.8,0,39.8V0h1000v36.5c0,0-28.2-18.5-92.1-18.5C810.2,18.1,775.7,67.3,734,67.3z\"\/>\n\t<path class=\"elementor-shape-fill\" d=\"M766.1,28.9c-200-57.5-266,65.5-395.1,19.5C242,1.8,242,5.4,184.8,20.6C128,35.8,132.3,44.9,89.9,52.5C28.6,63.7,0,0,0,0 h1000c0,0-9.9,40.9-83.6,48.1S829.6,47,766.1,28.9z\"\/>\n<\/svg>\t\t<\/div>\n\t\t<div class=\"elementor-element elementor-element-4cfaf1a e-con-full e-flex e-con e-child\" data-id=\"4cfaf1a\" data-element_type=\"container\" data-settings=\"{&quot;background_background&quot;:&quot;classic&quot;}\">\n\t\t\t\t<div class=\"elementor-element elementor-element-b7f7f74 elementor-widget elementor-widget-heading\" data-id=\"b7f7f74\" data-element_type=\"widget\" data-widget_type=\"heading.default\">\n\t\t\t\t<div class=\"elementor-widget-container\">\n\t\t\t<style>\/*! elementor - v3.20.0 - 13-03-2024 *\/\n.elementor-heading-title{padding:0;margin:0;line-height:1}.elementor-widget-heading .elementor-heading-title[class*=elementor-size-]>a{color:inherit;font-size:inherit;line-height:inherit}.elementor-widget-heading .elementor-heading-title.elementor-size-small{font-size:15px}.elementor-widget-heading .elementor-heading-title.elementor-size-medium{font-size:19px}.elementor-widget-heading .elementor-heading-title.elementor-size-large{font-size:29px}.elementor-widget-heading .elementor-heading-title.elementor-size-xl{font-size:39px}.elementor-widget-heading .elementor-heading-title.elementor-size-xxl{font-size:59px}<\/style><h1 class=\"elementor-heading-title elementor-size-default\">Why elevation<\/h1>\t\t<\/div>\n\t\t\t\t<\/div>\n\t\t\t\t<div class=\"elementor-element elementor-element-dfac684 elementor-view-default elementor-widget elementor-widget-icon\" data-id=\"dfac684\" data-element_type=\"widget\" data-widget_type=\"icon.default\">\n\t\t\t\t<div class=\"elementor-widget-container\">\n\t\t\t\t\t<div class=\"elementor-icon-wrapper\">\n\t\t\t<div class=\"elementor-icon\">\n\t\t\t<svg xmlns=\"http:\/\/www.w3.org\/2000\/svg\" viewbox=\"0 0 65.43 59.68\"><defs><style><\/style><\/defs><title>top<\/title><g id=\"Calque_2\" data-name=\"Calque 2\"><g id=\"Calque_1-2\" data-name=\"Calque 1\"><path class=\"cls-1\" d=\"M32.78,59.68,31.7,59C29,57.24,4.95,41.68.7,33.68L0,32.36,32.66,0,65.43,32.69,64.65,34c-4.93,8.44-29.74,24.3-30.79,25ZM5,33c4.55,6.1,20.44,17.13,27.76,21.91,7.14-4.63,22.67-15.38,27.55-21.67L32.65,5.64Z\"><\/path><\/g><\/g><\/svg>\t\t\t<\/div>\n\t\t<\/div>\n\t\t\t\t<\/div>\n\t\t\t\t<\/div>\n\t\t\t\t<\/div>\n\t\t\t\t<\/div>\n\t\t<div class=\"elementor-element elementor-element-2f9169b e-flex e-con-boxed e-con e-parent\" data-id=\"2f9169b\" data-element_type=\"container\" data-core-v316-plus=\"true\">\n\t\t\t\t\t<div class=\"e-con-inner\">\n\t\t\t\t<div class=\"elementor-element elementor-element-312fd1bc elementor-widget elementor-widget-text-editor\" data-id=\"312fd1bc\" data-element_type=\"widget\" data-widget_type=\"text-editor.default\">\n\t\t\t\t<div class=\"elementor-widget-container\">\n\t\t\t<style>\/*! elementor - v3.20.0 - 13-03-2024 *\/\n.elementor-widget-text-editor.elementor-drop-cap-view-stacked .elementor-drop-cap{background-color:#69727d;color:#fff}.elementor-widget-text-editor.elementor-drop-cap-view-framed .elementor-drop-cap{color:#69727d;border:3px solid;background-color:transparent}.elementor-widget-text-editor:not(.elementor-drop-cap-view-default) .elementor-drop-cap{margin-top:8px}.elementor-widget-text-editor:not(.elementor-drop-cap-view-default) .elementor-drop-cap-letter{width:1em;height:1em}.elementor-widget-text-editor .elementor-drop-cap{float:left;text-align:center;line-height:1;font-size:50px}.elementor-widget-text-editor .elementor-drop-cap-letter{display:inline-block}<\/style>\t\t\t\t<p>I wrote this concept and the book <b>El\u00e9vation <\/b>because nothing really suited me in terms of spirituality, politics or economics. I had the impression that the direction taken by our communities - be they companies, associations, towns, governments - was often anchored in <b>ambient negativism, passivity and lack of vision<\/b>.<\/p><p>After years of study and curiosity about different movements: evangelical, reformist, Muslim, Catholic, Freemasons, Buddhist, political parties, humanitarian associations, I was inspired to<b>a simple, positive and free vision of the best values<\/b> that I was able to find in each of the movements, while leaving the priority to free will, personal will, inspiration and <i>do it yourself<\/i>.<\/p><p>El\u00e9vation was born! The idea of writing a book to organize the concept and give it substance came naturally.<\/p><p>My thoughts and impetus for this project are born of a deep desire: that we all embrace <b>our true potential<\/b>. And so change the world for the better, and obviously that starts with us, because we can't change others.<\/p><p>We can bring about this change in all areas of our lives: <b>social, economic, spiritual, political, professional and personal<\/b>. We want to make a real difference at our level, directly influencing our communities and, through them, our world.<\/p><p><span style=\"color: var( --e-global-color-text ); text-align: var(--text-align); font-size: 1rem;\">El\u00e9vation is neither a code nor a table of laws, but more a general concept where you take what you like according to what speaks to you. The important thing is that you move upwards and elevate all areas of your life, that you become the hero you dream of being.<\/span><\/p>\t\t\t\t\t\t<\/div>\n\t\t\t\t<\/div>\n\t\t\t\t<div class=\"elementor-element elementor-element-f8daa1f elementor-widget elementor-widget-image\" data-id=\"f8daa1f\" data-element_type=\"widget\" data-widget_type=\"image.default\">\n\t\t\t\t<div class=\"elementor-widget-container\">\n\t\t\t<style>\/*! elementor - v3.20.0 - 13-03-2024 *\/\n.elementor-widget-image{text-align:center}.elementor-widget-image a{display:inline-block}.elementor-widget-image a img[src$=\".svg\"]{width:48px}.elementor-widget-image img{vertical-align:middle;display:inline-block}<\/style>\t\t\t\t\t\t\t\t\t\t<img fetchpriority=\"high\" decoding=\"async\" width=\"800\" height=\"270\" src=\"https:\/\/elevationhero.com\/wp-content\/uploads\/2024\/02\/signatureCharly-1024x346.png\" class=\"attachment-large size-large wp-image-818\" alt=\"An image about a handwritten signature.\" srcset=\"https:\/\/elevationhero.com\/wp-content\/uploads\/2024\/02\/signatureCharly-1024x346.png 1024w, https:\/\/elevationhero.com\/wp-content\/uploads\/2024\/02\/signatureCharly-300x101.png 300w, https:\/\/elevationhero.com\/wp-content\/uploads\/2024\/02\/signatureCharly-768x260.png 768w, https:\/\/elevationhero.com\/wp-content\/uploads\/2024\/02\/signatureCharly-1536x519.png 1536w, https:\/\/elevationhero.com\/wp-content\/uploads\/2024\/02\/signatureCharly.png 1920w\" sizes=\"(max-width: 800px) 100vw, 800px\" \/>\t\t\t\t\t\t\t\t\t\t\t\t\t<\/div>\n\t\t\t\t<\/div>\n\t\t<div class=\"elementor-element elementor-element-ddcffe1 e-con-full e-flex e-con e-child\" data-id=\"ddcffe1\" data-element_type=\"container\">\n\t\t\t\t<div class=\"elementor-element elementor-element-121ae2f elementor-widget elementor-widget-image\" data-id=\"121ae2f\" data-element_type=\"widget\" data-widget_type=\"image.default\">\n\t\t\t\t<div class=\"elementor-widget-container\">\n\t\t\t\t\t\t\t\t\t\t\t\t\t<img decoding=\"async\" width=\"367\" height=\"367\" src=\"https:\/\/elevationhero.com\/wp-content\/uploads\/2023\/05\/hayoz_charly.png\" class=\"attachment-large size-large wp-image-640\" alt=\"Charly Hayoz\" srcset=\"https:\/\/elevationhero.com\/wp-content\/uploads\/2023\/05\/hayoz_charly.png 367w, https:\/\/elevationhero.com\/wp-content\/uploads\/2023\/05\/hayoz_charly-300x300.png 300w, https:\/\/elevationhero.com\/wp-content\/uploads\/2023\/05\/hayoz_charly-150x150.png 150w\" sizes=\"(max-width: 367px) 100vw, 367px\" \/>\t\t\t\t\t\t\t\t\t\t\t\t\t<\/div>\n\t\t\t\t<\/div>\n\t\t\t\t<div class=\"elementor-element elementor-element-7170367 elementor-widget elementor-widget-heading\" data-id=\"7170367\" data-element_type=\"widget\" data-widget_type=\"heading.default\">\n\t\t\t\t<div class=\"elementor-widget-container\">\n\t\t\t<span class=\"elementor-heading-title elementor-size-default\">By Charly Hayoz<\/span>\t\t<\/div>\n\t\t\t\t<\/div>\n\t\t\t\t<\/div>\n\t\t\t\t\t<\/div>\n\t\t\t\t<\/div>\n\t\t\t\t<\/div>","protected":false},"excerpt":{"rendered":"<p>Pourquoi elevation top J\u2019ai \u00e9crit ce concept et le livre El\u00e9vation car rien ne me convenait vraiment dans la spiritualit\u00e9, la politique, l\u2019\u00e9conomie. J\u2019avais l\u2019impression que la direction prise par nos communaut\u00e9s que cela soit entreprises, associations, villes, gouvernements \u00e9taient souvent ancr\u00e9 dans le n\u00e9gativisme ambiant, la passivit\u00e9 et le manque de vision. Apr\u00e8s des [&hellip;]<\/p>","protected":false},"author":1,"featured_media":1087,"parent":0,"menu_order":0,"comment_status":"closed","ping_status":"closed","template":"elementor_header_footer","meta":{"footnotes":""},"class_list":["post-139","page","type-page","status-publish","has-post-thumbnail","hentry"],"yoast_head":"<!-- This site is optimized with the Yoast SEO Premium plugin v21.9 (Yoast SEO v21.9.1) - https:\/\/yoast.com\/wordpress\/plugins\/seo\/ -->\n<title>A propos d&#039;El\u00e9vation - Devenez votre propre h\u00e9ros<\/title>\n<meta name=\"description\" content=\"D\u00e9couvrez en plus \u00e0 propos d&#039;El\u00e9vation : Son histoire, son origine et le pourquoi de sa cr\u00e9ation. Devenez votre propre h\u00e9ros !\" \/>\n<meta name=\"robots\" content=\"index, follow, max-snippet:-1, max-image-preview:large, max-video-preview:-1\" \/>\n<link rel=\"canonical\" href=\"https:\/\/elevationhero.com\/en\/a-propos\/\" \/>\n<meta property=\"og:locale\" content=\"en_US\" \/>\n<meta property=\"og:type\" content=\"article\" \/>\n<meta property=\"og:title\" content=\"A propos d&#039;El\u00e9vation - Devenez votre propre h\u00e9ros\" \/>\n<meta property=\"og:description\" content=\"D\u00e9couvrez en plus \u00e0 propos d&#039;El\u00e9vation : Son histoire, son origine et le pourquoi de sa cr\u00e9ation. Devenez votre propre h\u00e9ros !\" \/>\n<meta property=\"og:url\" content=\"https:\/\/elevationhero.com\/en\/a-propos\/\" \/>\n<meta property=\"og:site_name\" content=\"Elevation\" \/>\n<meta property=\"article:modified_time\" content=\"2025-08-29T16:06:23+00:00\" \/>\n<meta property=\"og:image\" content=\"https:\/\/elevationhero.com\/wp-content\/uploads\/2024\/02\/logo-delevation-avec-une-personne-debout-au-sommet-dune-montagne.jpg\" \/>\n\t<meta property=\"og:image:width\" content=\"1200\" \/>\n\t<meta property=\"og:image:height\" content=\"675\" \/>\n\t<meta property=\"og:image:type\" content=\"image\/jpeg\" \/>\n<meta name=\"twitter:card\" content=\"summary_large_image\" \/>\n<meta name=\"twitter:title\" content=\"A propos d&#039;El\u00e9vation - Devenez votre propre h\u00e9ros\" \/>\n<meta name=\"twitter:description\" content=\"D\u00e9couvrez en plus \u00e0 propos d&#039;El\u00e9vation : Son histoire, son origine et le pourquoi de sa cr\u00e9ation. Devenez votre propre h\u00e9ros !\" \/>\n<meta name=\"twitter:image\" content=\"https:\/\/elevationhero.com\/wp-content\/uploads\/2024\/02\/logo-delevation-avec-une-personne-debout-au-sommet-dune-montagne.jpg\" \/>\n<meta name=\"twitter:label1\" content=\"Est. reading time\" \/>\n\t<meta name=\"twitter:data1\" content=\"2 minutes\" \/>\n<script type=\"application\/ld+json\" class=\"yoast-schema-graph\">{\"@context\":\"https:\/\/schema.org\",\"@graph\":[{\"@type\":\"WebPage\",\"@id\":\"https:\/\/elevationhero.com\/a-propos-d-elevation-histoire-origine\/\",\"url\":\"https:\/\/elevationhero.com\/a-propos-d-elevation-histoire-origine\/\",\"name\":\"A propos d'El\u00e9vation - Devenez votre propre h\u00e9ros\",\"isPartOf\":{\"@id\":\"https:\/\/elevationhero.com\/#website\"},\"datePublished\":\"2023-04-09T12:01:03+00:00\",\"dateModified\":\"2025-08-29T16:06:23+00:00\",\"description\":\"D\u00e9couvrez en plus \u00e0 propos d'El\u00e9vation : Son histoire, son origine et le pourquoi de sa cr\u00e9ation. Devenez votre propre h\u00e9ros !\",\"breadcrumb\":{\"@id\":\"https:\/\/elevationhero.com\/a-propos-d-elevation-histoire-origine\/#breadcrumb\"},\"inLanguage\":\"en-US\",\"potentialAction\":[{\"@type\":\"ReadAction\",\"target\":[\"https:\/\/elevationhero.com\/a-propos-d-elevation-histoire-origine\/\"]}]},{\"@type\":\"BreadcrumbList\",\"@id\":\"https:\/\/elevationhero.com\/a-propos-d-elevation-histoire-origine\/#breadcrumb\",\"itemListElement\":[{\"@type\":\"ListItem\",\"position\":1,\"name\":\"Accueil\",\"item\":\"https:\/\/elevationhero.com\/\"},{\"@type\":\"ListItem\",\"position\":2,\"name\":\"A propos d&#8217;El\u00e9vation : Histoire, origine et +\"}]},{\"@type\":\"WebSite\",\"@id\":\"https:\/\/elevationhero.com\/#website\",\"url\":\"https:\/\/elevationhero.com\/\",\"name\":\"Elevation\",\"description\":\"Devenons nos propres h\u00e9ros pour impacter le monde positivement\",\"publisher\":{\"@id\":\"https:\/\/elevationhero.com\/#organization\"},\"potentialAction\":[{\"@type\":\"SearchAction\",\"target\":{\"@type\":\"EntryPoint\",\"urlTemplate\":\"https:\/\/elevationhero.com\/?s={search_term_string}\"},\"query-input\":\"required name=search_term_string\"}],\"inLanguage\":\"en-US\"},{\"@type\":\"Organization\",\"@id\":\"https:\/\/elevationhero.com\/#organization\",\"name\":\"Elevation\",\"url\":\"https:\/\/elevationhero.com\/\",\"logo\":{\"@type\":\"ImageObject\",\"inLanguage\":\"en-US\",\"@id\":\"https:\/\/elevationhero.com\/#\/schema\/logo\/image\/\",\"url\":\"https:\/\/elevationhero.com\/wp-content\/uploads\/2023\/04\/Logo_Text_Black1000_.png\",\"contentUrl\":\"https:\/\/elevationhero.com\/wp-content\/uploads\/2023\/04\/Logo_Text_Black1000_.png\",\"width\":1001,\"height\":1180,\"caption\":\"Elevation\"},\"image\":{\"@id\":\"https:\/\/elevationhero.com\/#\/schema\/logo\/image\/\"}}]}<\/script>\n<!-- \/ Yoast SEO Premium plugin. -->","yoast_head_json":{"title":"A propos d'El\u00e9vation - Devenez votre propre h\u00e9ros","description":"D\u00e9couvrez en plus \u00e0 propos d'El\u00e9vation : Son histoire, son origine et le pourquoi de sa cr\u00e9ation. Devenez votre propre h\u00e9ros !","robots":{"index":"index","follow":"follow","max-snippet":"max-snippet:-1","max-image-preview":"max-image-preview:large","max-video-preview":"max-video-preview:-1"},"canonical":"https:\/\/elevationhero.com\/en\/a-propos\/","og_locale":"en_US","og_type":"article","og_title":"A propos d'El\u00e9vation - Devenez votre propre h\u00e9ros","og_description":"D\u00e9couvrez en plus \u00e0 propos d'El\u00e9vation : Son histoire, son origine et le pourquoi de sa cr\u00e9ation. Devenez votre propre h\u00e9ros !","og_url":"https:\/\/elevationhero.com\/en\/a-propos\/","og_site_name":"Elevation","article_modified_time":"2025-08-29T16:06:23+00:00","og_image":[{"width":1200,"height":675,"url":"https:\/\/elevationhero.com\/wp-content\/uploads\/2024\/02\/logo-delevation-avec-une-personne-debout-au-sommet-dune-montagne.jpg","type":"image\/jpeg"}],"twitter_card":"summary_large_image","twitter_title":"A propos d'El\u00e9vation - Devenez votre propre h\u00e9ros","twitter_description":"D\u00e9couvrez en plus \u00e0 propos d'El\u00e9vation : Son histoire, son origine et le pourquoi de sa cr\u00e9ation. Devenez votre propre h\u00e9ros !","twitter_image":"https:\/\/elevationhero.com\/wp-content\/uploads\/2024\/02\/logo-delevation-avec-une-personne-debout-au-sommet-dune-montagne.jpg","twitter_misc":{"Est. reading time":"2 minutes"},"schema":{"@context":"https:\/\/schema.org","@graph":[{"@type":"WebPage","@id":"https:\/\/elevationhero.com\/a-propos-d-elevation-histoire-origine\/","url":"https:\/\/elevationhero.com\/a-propos-d-elevation-histoire-origine\/","name":"A propos d'El\u00e9vation - Devenez votre propre h\u00e9ros","isPartOf":{"@id":"https:\/\/elevationhero.com\/#website"},"datePublished":"2023-04-09T12:01:03+00:00","dateModified":"2025-08-29T16:06:23+00:00","description":"D\u00e9couvrez en plus \u00e0 propos d'El\u00e9vation : Son histoire, son origine et le pourquoi de sa cr\u00e9ation. Devenez votre propre h\u00e9ros !","breadcrumb":{"@id":"https:\/\/elevationhero.com\/a-propos-d-elevation-histoire-origine\/#breadcrumb"},"inLanguage":"en-US","potentialAction":[{"@type":"ReadAction","target":["https:\/\/elevationhero.com\/a-propos-d-elevation-histoire-origine\/"]}]},{"@type":"BreadcrumbList","@id":"https:\/\/elevationhero.com\/a-propos-d-elevation-histoire-origine\/#breadcrumb","itemListElement":[{"@type":"ListItem","position":1,"name":"Accueil","item":"https:\/\/elevationhero.com\/"},{"@type":"ListItem","position":2,"name":"A propos d&#8217;El\u00e9vation : Histoire, origine et +"}]},{"@type":"WebSite","@id":"https:\/\/elevationhero.com\/#website","url":"https:\/\/elevationhero.com\/","name":"Elevation","description":"Devenons nos propres h\u00e9ros pour impacter le monde positivement","publisher":{"@id":"https:\/\/elevationhero.com\/#organization"},"potentialAction":[{"@type":"SearchAction","target":{"@type":"EntryPoint","urlTemplate":"https:\/\/elevationhero.com\/?s={search_term_string}"},"query-input":"required name=search_term_string"}],"inLanguage":"en-US"},{"@type":"Organization","@id":"https:\/\/elevationhero.com\/#organization","name":"Elevation","url":"https:\/\/elevationhero.com\/","logo":{"@type":"ImageObject","inLanguage":"en-US","@id":"https:\/\/elevationhero.com\/#\/schema\/logo\/image\/","url":"https:\/\/elevationhero.com\/wp-content\/uploads\/2023\/04\/Logo_Text_Black1000_.png","contentUrl":"https:\/\/elevationhero.com\/wp-content\/uploads\/2023\/04\/Logo_Text_Black1000_.png","width":1001,"height":1180,"caption":"Elevation"},"image":{"@id":"https:\/\/elevationhero.com\/#\/schema\/logo\/image\/"}}]}},"_links":{"self":[{"href":"https:\/\/elevationhero.com\/en\/wp-json\/wp\/v2\/pages\/139","targetHints":{"allow":["GET"]}}],"collection":[{"href":"https:\/\/elevationhero.com\/en\/wp-json\/wp\/v2\/pages"}],"about":[{"href":"https:\/\/elevationhero.com\/en\/wp-json\/wp\/v2\/types\/page"}],"author":[{"embeddable":true,"href":"https:\/\/elevationhero.com\/en\/wp-json\/wp\/v2\/users\/1"}],"replies":[{"embeddable":true,"href":"https:\/\/elevationhero.com\/en\/wp-json\/wp\/v2\/comments?post=139"}],"version-history":[{"count":59,"href":"https:\/\/elevationhero.com\/en\/wp-json\/wp\/v2\/pages\/139\/revisions"}],"predecessor-version":[{"id":1545,"href":"https:\/\/elevationhero.com\/en\/wp-json\/wp\/v2\/pages\/139\/revisions\/1545"}],"wp:featuredmedia":[{"embeddable":true,"href":"https:\/\/elevationhero.com\/en\/wp-json\/wp\/v2\/media\/1087"}],"wp:attachment":[{"href":"https:\/\/elevationhero.com\/en\/wp-json\/wp\/v2\/media?parent=139"}],"curies":[{"name":"wp","href":"https:\/\/api.w.org\/{rel}","templated":true}]}}