{"id":729,"date":"2024-01-28T15:19:33","date_gmt":"2024-01-28T14:19:33","guid":{"rendered":"https:\/\/elevationimpact.org\/?page_id=729"},"modified":"2024-05-17T12:10:57","modified_gmt":"2024-05-17T10:10:57","slug":"lire-gratuitement-livre-elevation-en-ligne","status":"publish","type":"page","link":"https:\/\/elevationhero.com\/en\/read-for-free-the-book-elevation\/","title":{"rendered":"Read the book El\u00e9vation online for free"},"content":{"rendered":"<div data-elementor-type=\"wp-page\" data-elementor-id=\"729\" class=\"elementor elementor-729\" data-elementor-post-type=\"page\">\n\t\t\t\t<div class=\"elementor-element elementor-element-3990957 e-con-full e-flex e-con e-parent\" data-id=\"3990957\" data-element_type=\"container\" data-settings=\"{&quot;background_background&quot;:&quot;classic&quot;,&quot;shape_divider_bottom&quot;:&quot;mountains&quot;}\" data-e-bg-lazyload=\"\" data-core-v316-plus=\"true\">\n\t\t\t\t<div class=\"elementor-shape elementor-shape-bottom\" data-negative=\"false\">\n\t\t\t<svg xmlns=\"http:\/\/www.w3.org\/2000\/svg\" viewbox=\"0 0 1000 100\" preserveaspectratio=\"none\">\n\t<path class=\"elementor-shape-fill\" opacity=\"0.33\" d=\"M473,67.3c-203.9,88.3-263.1-34-320.3,0C66,119.1,0,59.7,0,59.7V0h1000v59.7 c0,0-62.1,26.1-94.9,29.3c-32.8,3.3-62.8-12.3-75.8-22.1C806,49.6,745.3,8.7,694.9,4.7S492.4,59,473,67.3z\"\/>\n\t<path class=\"elementor-shape-fill\" opacity=\"0.66\" d=\"M734,67.3c-45.5,0-77.2-23.2-129.1-39.1c-28.6-8.7-150.3-10.1-254,39.1 s-91.7-34.4-149.2,0C115.7,118.3,0,39.8,0,39.8V0h1000v36.5c0,0-28.2-18.5-92.1-18.5C810.2,18.1,775.7,67.3,734,67.3z\"\/>\n\t<path class=\"elementor-shape-fill\" d=\"M766.1,28.9c-200-57.5-266,65.5-395.1,19.5C242,1.8,242,5.4,184.8,20.6C128,35.8,132.3,44.9,89.9,52.5C28.6,63.7,0,0,0,0 h1000c0,0-9.9,40.9-83.6,48.1S829.6,47,766.1,28.9z\"\/>\n<\/svg>\t\t<\/div>\n\t\t<div class=\"elementor-element elementor-element-10886e0 e-con-full e-flex e-con e-child\" data-id=\"10886e0\" data-element_type=\"container\" data-settings=\"{&quot;background_background&quot;:&quot;classic&quot;}\">\n\t\t\t\t<div class=\"elementor-element elementor-element-5631fcf elementor-widget elementor-widget-heading\" data-id=\"5631fcf\" data-element_type=\"widget\" data-widget_type=\"heading.default\">\n\t\t\t\t<div class=\"elementor-widget-container\">\n\t\t\t<style>\/*! elementor - v3.20.0 - 13-03-2024 *\/\n.elementor-heading-title{padding:0;margin:0;line-height:1}.elementor-widget-heading .elementor-heading-title[class*=elementor-size-]>a{color:inherit;font-size:inherit;line-height:inherit}.elementor-widget-heading .elementor-heading-title.elementor-size-small{font-size:15px}.elementor-widget-heading .elementor-heading-title.elementor-size-medium{font-size:19px}.elementor-widget-heading .elementor-heading-title.elementor-size-large{font-size:29px}.elementor-widget-heading .elementor-heading-title.elementor-size-xl{font-size:39px}.elementor-widget-heading .elementor-heading-title.elementor-size-xxl{font-size:59px}<\/style><h1 class=\"elementor-heading-title elementor-size-default\">discover the elevation concept through the book<\/h1>\t\t<\/div>\n\t\t\t\t<\/div>\n\t\t\t\t<\/div>\n\t\t\t\t<\/div>\n\t\t<div class=\"elementor-element elementor-element-09aa379 e-flex e-con-boxed e-con e-parent\" data-id=\"09aa379\" data-element_type=\"container\" data-core-v316-plus=\"true\">\n\t\t\t\t\t<div class=\"e-con-inner\">\n\t\t\t\t<div class=\"elementor-element elementor-element-c4bbaef elementor-widget elementor-widget-menu-anchor\" data-id=\"c4bbaef\" data-element_type=\"widget\" data-widget_type=\"menu-anchor.default\">\n\t\t\t\t<div class=\"elementor-widget-container\">\n\t\t\t<style>\/*! elementor - v3.20.0 - 13-03-2024 *\/\nbody.elementor-page .elementor-widget-menu-anchor{margin-bottom:0}<\/style>\t\t<div id=\"book\" class=\"elementor-menu-anchor\"><\/div>\n\t\t\t\t<\/div>\n\t\t\t\t<\/div>\n\t\t\t\t<div class=\"elementor-element elementor-element-c9b375f elementor-widget elementor-widget-shortcode\" data-id=\"c9b375f\" data-element_type=\"widget\" data-widget_type=\"shortcode.default\">\n\t\t\t\t<div class=\"elementor-widget-container\">\n\t\t\t\t\t<div class=\"elementor-shortcode\"> \n<div class=\"_df_book df-container df-loading\" id=\"df_976\"  data-title=\"elevation-en\" _slug=\"elevation-en\" wpoptions=\"true\" thumbtype=\"bg\" ><\/div><script class=\"df-shortcode-script\" type=\"application\/javascript\">window.option_df_976 = {\"outline\":[],\"forceFit\":\"true\",\"autoEnableOutline\":\"false\",\"autoEnableThumbnail\":\"false\",\"overwritePDFOutline\":\"false\",\"direction\":\"1\",\"pageSize\":\"0\",\"source\":\"https:\\\/\\\/elevationhero.com\\\/wp-content\\\/uploads\\\/2024\\\/03\\\/elevation_en.pdf\",\"wpOptions\":\"true\"}; if(window.DFLIP && window.DFLIP.parseBooks){window.DFLIP.parseBooks();}<\/script>\t\n\n<\/div>\n\t\t\t\t<\/div>\n\t\t\t\t<\/div>\n\t\t\t\t<div class=\"elementor-element elementor-element-12ca679 elementor-widget elementor-widget-heading\" data-id=\"12ca679\" data-element_type=\"widget\" data-widget_type=\"heading.default\">\n\t\t\t\t<div class=\"elementor-widget-container\">\n\t\t\t<h2 class=\"elementor-heading-title elementor-size-default\">Download for free<\/h2>\t\t<\/div>\n\t\t\t\t<\/div>\n\t\t<div class=\"elementor-element elementor-element-6b7c112 e-flex e-con-boxed e-con e-child\" data-id=\"6b7c112\" data-element_type=\"container\">\n\t\t\t\t\t<div class=\"e-con-inner\">\n\t\t<div class=\"elementor-element elementor-element-557e5f2 e-con-full e-flex e-con e-child\" data-id=\"557e5f2\" data-element_type=\"container\">\n\t\t\t\t<div class=\"elementor-element elementor-element-aa28117 elementor-view-default elementor-position-top elementor-mobile-position-top elementor-widget elementor-widget-icon-box\" data-id=\"aa28117\" data-element_type=\"widget\" data-widget_type=\"icon-box.default\">\n\t\t\t\t<div class=\"elementor-widget-container\">\n\t\t\t<link rel=\"stylesheet\" href=\"https:\/\/elevationhero.com\/wp-content\/plugins\/elementor\/assets\/css\/widget-icon-box.min.css\">\t\t<div class=\"elementor-icon-box-wrapper\">\n\t\t\t\t\t\t<div class=\"elementor-icon-box-icon\">\n\t\t\t\t<a href=\"https:\/\/filedn.eu\/lkUjOJz1jnr70jKgxY6Q0Oz\/Elevation\/livres\/elevation_en.epub\" class=\"elementor-icon elementor-animation-\" tabindex=\"-1\">\n\t\t\t\t<svg aria-hidden=\"true\" class=\"e-font-icon-svg e-fas-book-open\" viewbox=\"0 0 576 512\" xmlns=\"http:\/\/www.w3.org\/2000\/svg\"><path d=\"M542.22 32.05c-54.8 3.11-163.72 14.43-230.96 55.59-4.64 2.84-7.27 7.89-7.27 13.17v363.87c0 11.55 12.63 18.85 23.28 13.49 69.18-34.82 169.23-44.32 218.7-46.92 16.89-.89 30.02-14.43 30.02-30.66V62.75c.01-17.71-15.35-31.74-33.77-30.7zM264.73 87.64C197.5 46.48 88.58 35.17 33.78 32.05 15.36 31.01 0 45.04 0 62.75V400.6c0 16.24 13.13 29.78 30.02 30.66 49.49 2.6 149.59 12.11 218.77 46.95 10.62 5.35 23.21-1.94 23.21-13.46V100.63c0-5.29-2.62-10.14-7.27-12.99z\"><\/path><\/svg>\t\t\t\t<\/a>\n\t\t\t<\/div>\n\t\t\t\t\t\t<div class=\"elementor-icon-box-content\">\n\t\t\t\t<h3 class=\"elementor-icon-box-title\">\n\t\t\t\t\t<a href=\"https:\/\/filedn.eu\/lkUjOJz1jnr70jKgxY6Q0Oz\/Elevation\/livres\/elevation_en.epub\" >\n\t\t\t\t\t\tEPUB\t\t\t\t\t<\/a>\n\t\t\t\t<\/h3>\n\t\t\t\t\t\t\t\t\t<p class=\"elementor-icon-box-description\">\n\t\t\t\t\t\tDownload the book in EPUB format to import it onto your e-reader\t\t\t\t\t<\/p>\n\t\t\t\t\t\t\t<\/div>\n\t\t<\/div>\n\t\t\t\t<\/div>\n\t\t\t\t<\/div>\n\t\t\t\t<\/div>\n\t\t<div class=\"elementor-element elementor-element-e3a11c3 e-con-full e-flex e-con e-child\" data-id=\"e3a11c3\" data-element_type=\"container\">\n\t\t\t\t<div class=\"elementor-element elementor-element-139854b elementor-view-default elementor-position-top elementor-mobile-position-top elementor-widget elementor-widget-icon-box\" data-id=\"139854b\" data-element_type=\"widget\" data-widget_type=\"icon-box.default\">\n\t\t\t\t<div class=\"elementor-widget-container\">\n\t\t\t\t\t<div class=\"elementor-icon-box-wrapper\">\n\t\t\t\t\t\t<div class=\"elementor-icon-box-icon\">\n\t\t\t\t<a href=\"https:\/\/filedn.eu\/lkUjOJz1jnr70jKgxY6Q0Oz\/Elevation\/livres\/elevation_en.pdf\" class=\"elementor-icon elementor-animation-\" tabindex=\"-1\">\n\t\t\t\t<svg aria-hidden=\"true\" class=\"e-font-icon-svg e-fas-file-pdf\" viewbox=\"0 0 384 512\" xmlns=\"http:\/\/www.w3.org\/2000\/svg\"><path d=\"M181.9 256.1c-5-16-4.9-46.9-2-46.9 8.4 0 7.6 36.9 2 46.9zm-1.7 47.2c-7.7 20.2-17.3 43.3-28.4 62.7 18.3-7 39-17.2 62.9-21.9-12.7-9.6-24.9-23.4-34.5-40.8zM86.1 428.1c0 .8 13.2-5.4 34.9-40.2-6.7 6.3-29.1 24.5-34.9 40.2zM248 160h136v328c0 13.3-10.7 24-24 24H24c-13.3 0-24-10.7-24-24V24C0 10.7 10.7 0 24 0h200v136c0 13.2 10.8 24 24 24zm-8 171.8c-20-12.2-33.3-29-42.7-53.8 4.5-18.5 11.6-46.6 6.2-64.2-4.7-29.4-42.4-26.5-47.8-6.8-5 18.3-.4 44.1 8.1 77-11.6 27.6-28.7 64.6-40.8 85.8-.1 0-.1.1-.2.1-27.1 13.9-73.6 44.5-54.5 68 5.6 6.9 16 10 21.5 10 17.9 0 35.7-18 61.1-61.8 25.8-8.5 54.1-19.1 79-23.2 21.7 11.8 47.1 19.5 64 19.5 29.2 0 31.2-32 19.7-43.4-13.9-13.6-54.3-9.7-73.6-7.2zM377 105L279 7c-4.5-4.5-10.6-7-17-7h-6v128h128v-6.1c0-6.3-2.5-12.4-7-16.9zm-74.1 255.3c4.1-2.7-2.5-11.9-42.8-9 37.1 15.8 42.8 9 42.8 9z\"><\/path><\/svg>\t\t\t\t<\/a>\n\t\t\t<\/div>\n\t\t\t\t\t\t<div class=\"elementor-icon-box-content\">\n\t\t\t\t<h3 class=\"elementor-icon-box-title\">\n\t\t\t\t\t<a href=\"https:\/\/filedn.eu\/lkUjOJz1jnr70jKgxY6Q0Oz\/Elevation\/livres\/elevation_en.pdf\" >\n\t\t\t\t\t\tPDF\t\t\t\t\t<\/a>\n\t\t\t\t<\/h3>\n\t\t\t\t\t\t\t\t\t<p class=\"elementor-icon-box-description\">\n\t\t\t\t\t\tDownload the file in PDF format for easy reading anywhere.\t\t\t\t\t<\/p>\n\t\t\t\t\t\t\t<\/div>\n\t\t<\/div>\n\t\t\t\t<\/div>\n\t\t\t\t<\/div>\n\t\t\t\t<\/div>\n\t\t<div class=\"elementor-element elementor-element-36064f8 e-con-full elementor-hidden-desktop elementor-hidden-tablet elementor-hidden-mobile e-flex e-con e-child\" data-id=\"36064f8\" data-element_type=\"container\">\n\t\t\t\t<div class=\"elementor-element elementor-element-71b2fca elementor-view-default elementor-position-top elementor-mobile-position-top elementor-widget elementor-widget-icon-box\" data-id=\"71b2fca\" data-element_type=\"widget\" data-widget_type=\"icon-box.default\">\n\t\t\t\t<div class=\"elementor-widget-container\">\n\t\t\t\t\t<div class=\"elementor-icon-box-wrapper\">\n\t\t\t\t\t\t<div class=\"elementor-icon-box-icon\">\n\t\t\t\t<a href=\"https:\/\/drive.google.com\/uc?export=download&#038;id=1-PGBdXxyqqxXUxNXwqUUKTFmQk-JxFyC\" class=\"elementor-icon elementor-animation-\" tabindex=\"-1\">\n\t\t\t\t<svg aria-hidden=\"true\" class=\"e-font-icon-svg e-fas-volume-up\" viewbox=\"0 0 576 512\" xmlns=\"http:\/\/www.w3.org\/2000\/svg\"><path d=\"M215.03 71.05L126.06 160H24c-13.26 0-24 10.74-24 24v144c0 13.25 10.74 24 24 24h102.06l88.97 88.95c15.03 15.03 40.97 4.47 40.97-16.97V88.02c0-21.46-25.96-31.98-40.97-16.97zm233.32-51.08c-11.17-7.33-26.18-4.24-33.51 6.95-7.34 11.17-4.22 26.18 6.95 33.51 66.27 43.49 105.82 116.6 105.82 195.58 0 78.98-39.55 152.09-105.82 195.58-11.17 7.32-14.29 22.34-6.95 33.5 7.04 10.71 21.93 14.56 33.51 6.95C528.27 439.58 576 351.33 576 256S528.27 72.43 448.35 19.97zM480 256c0-63.53-32.06-121.94-85.77-156.24-11.19-7.14-26.03-3.82-33.12 7.46s-3.78 26.21 7.41 33.36C408.27 165.97 432 209.11 432 256s-23.73 90.03-63.48 115.42c-11.19 7.14-14.5 22.07-7.41 33.36 6.51 10.36 21.12 15.14 33.12 7.46C447.94 377.94 480 319.54 480 256zm-141.77-76.87c-11.58-6.33-26.19-2.16-32.61 9.45-6.39 11.61-2.16 26.2 9.45 32.61C327.98 228.28 336 241.63 336 256c0 14.38-8.02 27.72-20.92 34.81-11.61 6.41-15.84 21-9.45 32.61 6.43 11.66 21.05 15.8 32.61 9.45 28.23-15.55 45.77-45 45.77-76.88s-17.54-61.32-45.78-76.86z\"><\/path><\/svg>\t\t\t\t<\/a>\n\t\t\t<\/div>\n\t\t\t\t\t\t<div class=\"elementor-icon-box-content\">\n\t\t\t\t<h3 class=\"elementor-icon-box-title\">\n\t\t\t\t\t<a href=\"https:\/\/drive.google.com\/uc?export=download&#038;id=1-PGBdXxyqqxXUxNXwqUUKTFmQk-JxFyC\" >\n\t\t\t\t\t\tMp3\t\t\t\t\t<\/a>\n\t\t\t\t<\/h3>\n\t\t\t\t\t\t\t\t\t<p class=\"elementor-icon-box-description\">\n\t\t\t\t\t\tDownload the book in Audio format for listening wherever you are\t\t\t\t\t<\/p>\n\t\t\t\t\t\t\t<\/div>\n\t\t<\/div>\n\t\t\t\t<\/div>\n\t\t\t\t<\/div>\n\t\t\t\t<\/div>\n\t\t<div class=\"elementor-element elementor-element-99edfdb e-con-full elementor-hidden-desktop elementor-hidden-tablet elementor-hidden-mobile e-flex e-con e-child\" data-id=\"99edfdb\" data-element_type=\"container\">\n\t\t\t\t<div class=\"elementor-element elementor-element-1e41d5e elementor-view-default elementor-position-top elementor-mobile-position-top elementor-widget elementor-widget-icon-box\" data-id=\"1e41d5e\" data-element_type=\"widget\" data-widget_type=\"icon-box.default\">\n\t\t\t\t<div class=\"elementor-widget-container\">\n\t\t\t\t\t<div class=\"elementor-icon-box-wrapper\">\n\t\t\t\t\t\t<div class=\"elementor-icon-box-icon\">\n\t\t\t\t<a href=\"https:\/\/drive.google.com\/file\/d\/1-a7kLlvuHwdwJGmYVKAfayihj1LT6OH7\/view?usp=sharing\" target=\"_blank\" class=\"elementor-icon elementor-animation-\" tabindex=\"-1\">\n\t\t\t\t<svg aria-hidden=\"true\" class=\"e-font-icon-svg e-fab-youtube\" viewbox=\"0 0 576 512\" xmlns=\"http:\/\/www.w3.org\/2000\/svg\"><path d=\"M549.655 124.083c-6.281-23.65-24.787-42.276-48.284-48.597C458.781 64 288 64 288 64S117.22 64 74.629 75.486c-23.497 6.322-42.003 24.947-48.284 48.597-11.412 42.867-11.412 132.305-11.412 132.305s0 89.438 11.412 132.305c6.281 23.65 24.787 41.5 48.284 47.821C117.22 448 288 448 288 448s170.78 0 213.371-11.486c23.497-6.321 42.003-24.171 48.284-47.821 11.412-42.867 11.412-132.305 11.412-132.305s0-89.438-11.412-132.305zm-317.51 213.508V175.185l142.739 81.205-142.739 81.201z\"><\/path><\/svg>\t\t\t\t<\/a>\n\t\t\t<\/div>\n\t\t\t\t\t\t<div class=\"elementor-icon-box-content\">\n\t\t\t\t<h3 class=\"elementor-icon-box-title\">\n\t\t\t\t\t<a href=\"https:\/\/drive.google.com\/file\/d\/1-a7kLlvuHwdwJGmYVKAfayihj1LT6OH7\/view?usp=sharing\" target=\"_blank\" >\n\t\t\t\t\t\tVideo\t\t\t\t\t<\/a>\n\t\t\t\t<\/h3>\n\t\t\t\t\t\t\t\t\t<p class=\"elementor-icon-box-description\">\n\t\t\t\t\t\tEnjoy our Audio Book directly on video\t\t\t\t\t<\/p>\n\t\t\t\t\t\t\t<\/div>\n\t\t<\/div>\n\t\t\t\t<\/div>\n\t\t\t\t<\/div>\n\t\t\t\t<\/div>\n\t\t\t\t\t<\/div>\n\t\t\t\t<\/div>\n\t\t\t\t\t<\/div>\n\t\t\t\t<\/div>\n\t\t\t\t<\/div>","protected":false},"excerpt":{"rendered":"<p>discover the elevation concept through the book Download for free EPUB Download the book in EPUB format to import it on your e-reader PDF Download the file in PDF format to read it easily anywhere Mp3 Download the book in Audio format to listen to it wherever you are Video Enjoy our Audio book directly in [...].<\/p>","protected":false},"author":1,"featured_media":1101,"parent":0,"menu_order":0,"comment_status":"closed","ping_status":"closed","template":"elementor_header_footer","meta":{"footnotes":""},"class_list":["post-729","page","type-page","status-publish","has-post-thumbnail","hentry"],"yoast_head":"<!-- This site is optimized with the Yoast SEO Premium plugin v21.9 (Yoast SEO v21.9.1) - https:\/\/yoast.com\/wordpress\/plugins\/seo\/ -->\n<title>Lisez le livre El\u00e9vation gratuitement en ligne - Epub, Audio, PDF<\/title>\n<meta name=\"description\" content=\"D\u00e9couvrez le concept El\u00e9vation \u00e0 travers le livre lisible gratuitement en ligne . T\u00e9l\u00e9chargez aussi en format audio, mp3, Epub ou PDF\" \/>\n<meta name=\"robots\" content=\"index, follow, max-snippet:-1, max-image-preview:large, max-video-preview:-1\" \/>\n<link rel=\"canonical\" href=\"https:\/\/elevationhero.com\/en\/read-for-free-the-book-elevation\/\" \/>\n<meta property=\"og:locale\" content=\"en_US\" \/>\n<meta property=\"og:type\" content=\"article\" \/>\n<meta property=\"og:title\" content=\"Lisez le livre El\u00e9vation gratuitement en ligne - Epub, Audio, PDF\" \/>\n<meta property=\"og:description\" content=\"D\u00e9couvrez le concept El\u00e9vation \u00e0 travers le livre lisible gratuitement en ligne . T\u00e9l\u00e9chargez aussi en format audio, mp3, Epub ou PDF\" \/>\n<meta property=\"og:url\" content=\"https:\/\/elevationhero.com\/en\/read-for-free-the-book-elevation\/\" \/>\n<meta property=\"og:site_name\" content=\"Elevation\" \/>\n<meta property=\"article:modified_time\" content=\"2024-05-17T10:10:57+00:00\" \/>\n<meta property=\"og:image\" content=\"https:\/\/elevationhero.com\/wp-content\/uploads\/2024\/02\/le-logo-delevation-est-affiche-au-dessus-des-nuages.jpg\" \/>\n\t<meta property=\"og:image:width\" content=\"1200\" \/>\n\t<meta property=\"og:image:height\" content=\"675\" \/>\n\t<meta property=\"og:image:type\" content=\"image\/jpeg\" \/>\n<meta name=\"twitter:card\" content=\"summary_large_image\" \/>\n<meta name=\"twitter:title\" content=\"Lisez le livre El\u00e9vation gratuitement en ligne - Epub, Audio, PDF\" \/>\n<meta name=\"twitter:description\" content=\"D\u00e9couvrez le concept El\u00e9vation \u00e0 travers le livre lisible gratuitement en ligne . T\u00e9l\u00e9chargez aussi en format audio, mp3, Epub ou PDF\" \/>\n<meta name=\"twitter:label1\" content=\"Est. reading time\" \/>\n\t<meta name=\"twitter:data1\" content=\"1 minute\" \/>\n<script type=\"application\/ld+json\" class=\"yoast-schema-graph\">{\"@context\":\"https:\/\/schema.org\",\"@graph\":[{\"@type\":\"WebPage\",\"@id\":\"https:\/\/elevationhero.com\/lire-gratuitement-livre-elevation-en-ligne\/\",\"url\":\"https:\/\/elevationhero.com\/lire-gratuitement-livre-elevation-en-ligne\/\",\"name\":\"Lisez le livre El\u00e9vation gratuitement en ligne - Epub, Audio, PDF\",\"isPartOf\":{\"@id\":\"https:\/\/elevationhero.com\/#website\"},\"datePublished\":\"2024-01-28T14:19:33+00:00\",\"dateModified\":\"2024-05-17T10:10:57+00:00\",\"description\":\"D\u00e9couvrez le concept El\u00e9vation \u00e0 travers le livre lisible gratuitement en ligne . T\u00e9l\u00e9chargez aussi en format audio, mp3, Epub ou PDF\",\"breadcrumb\":{\"@id\":\"https:\/\/elevationhero.com\/lire-gratuitement-livre-elevation-en-ligne\/#breadcrumb\"},\"inLanguage\":\"en-US\",\"potentialAction\":[{\"@type\":\"ReadAction\",\"target\":[\"https:\/\/elevationhero.com\/lire-gratuitement-livre-elevation-en-ligne\/\"]}]},{\"@type\":\"BreadcrumbList\",\"@id\":\"https:\/\/elevationhero.com\/lire-gratuitement-livre-elevation-en-ligne\/#breadcrumb\",\"itemListElement\":[{\"@type\":\"ListItem\",\"position\":1,\"name\":\"Accueil\",\"item\":\"https:\/\/elevationhero.com\/\"},{\"@type\":\"ListItem\",\"position\":2,\"name\":\"Lire gratuitement le livre El\u00e9vation en ligne\"}]},{\"@type\":\"WebSite\",\"@id\":\"https:\/\/elevationhero.com\/#website\",\"url\":\"https:\/\/elevationhero.com\/\",\"name\":\"Elevation\",\"description\":\"Devenons nos propres h\u00e9ros pour impacter le monde positivement\",\"publisher\":{\"@id\":\"https:\/\/elevationhero.com\/#organization\"},\"potentialAction\":[{\"@type\":\"SearchAction\",\"target\":{\"@type\":\"EntryPoint\",\"urlTemplate\":\"https:\/\/elevationhero.com\/?s={search_term_string}\"},\"query-input\":\"required name=search_term_string\"}],\"inLanguage\":\"en-US\"},{\"@type\":\"Organization\",\"@id\":\"https:\/\/elevationhero.com\/#organization\",\"name\":\"Elevation\",\"url\":\"https:\/\/elevationhero.com\/\",\"logo\":{\"@type\":\"ImageObject\",\"inLanguage\":\"en-US\",\"@id\":\"https:\/\/elevationhero.com\/#\/schema\/logo\/image\/\",\"url\":\"https:\/\/elevationhero.com\/wp-content\/uploads\/2023\/04\/Logo_Text_Black1000_.png\",\"contentUrl\":\"https:\/\/elevationhero.com\/wp-content\/uploads\/2023\/04\/Logo_Text_Black1000_.png\",\"width\":1001,\"height\":1180,\"caption\":\"Elevation\"},\"image\":{\"@id\":\"https:\/\/elevationhero.com\/#\/schema\/logo\/image\/\"}}]}<\/script>\n<!-- \/ Yoast SEO Premium plugin. -->","yoast_head_json":{"title":"Lisez le livre El\u00e9vation gratuitement en ligne - Epub, Audio, PDF","description":"D\u00e9couvrez le concept El\u00e9vation \u00e0 travers le livre lisible gratuitement en ligne . T\u00e9l\u00e9chargez aussi en format audio, mp3, Epub ou PDF","robots":{"index":"index","follow":"follow","max-snippet":"max-snippet:-1","max-image-preview":"max-image-preview:large","max-video-preview":"max-video-preview:-1"},"canonical":"https:\/\/elevationhero.com\/en\/read-for-free-the-book-elevation\/","og_locale":"en_US","og_type":"article","og_title":"Lisez le livre El\u00e9vation gratuitement en ligne - Epub, Audio, PDF","og_description":"D\u00e9couvrez le concept El\u00e9vation \u00e0 travers le livre lisible gratuitement en ligne . T\u00e9l\u00e9chargez aussi en format audio, mp3, Epub ou PDF","og_url":"https:\/\/elevationhero.com\/en\/read-for-free-the-book-elevation\/","og_site_name":"Elevation","article_modified_time":"2024-05-17T10:10:57+00:00","og_image":[{"width":1200,"height":675,"url":"https:\/\/elevationhero.com\/wp-content\/uploads\/2024\/02\/le-logo-delevation-est-affiche-au-dessus-des-nuages.jpg","type":"image\/jpeg"}],"twitter_card":"summary_large_image","twitter_title":"Lisez le livre El\u00e9vation gratuitement en ligne - Epub, Audio, PDF","twitter_description":"D\u00e9couvrez le concept El\u00e9vation \u00e0 travers le livre lisible gratuitement en ligne . T\u00e9l\u00e9chargez aussi en format audio, mp3, Epub ou PDF","twitter_misc":{"Est. reading time":"1 minute"},"schema":{"@context":"https:\/\/schema.org","@graph":[{"@type":"WebPage","@id":"https:\/\/elevationhero.com\/lire-gratuitement-livre-elevation-en-ligne\/","url":"https:\/\/elevationhero.com\/lire-gratuitement-livre-elevation-en-ligne\/","name":"Lisez le livre El\u00e9vation gratuitement en ligne - Epub, Audio, PDF","isPartOf":{"@id":"https:\/\/elevationhero.com\/#website"},"datePublished":"2024-01-28T14:19:33+00:00","dateModified":"2024-05-17T10:10:57+00:00","description":"D\u00e9couvrez le concept El\u00e9vation \u00e0 travers le livre lisible gratuitement en ligne . T\u00e9l\u00e9chargez aussi en format audio, mp3, Epub ou PDF","breadcrumb":{"@id":"https:\/\/elevationhero.com\/lire-gratuitement-livre-elevation-en-ligne\/#breadcrumb"},"inLanguage":"en-US","potentialAction":[{"@type":"ReadAction","target":["https:\/\/elevationhero.com\/lire-gratuitement-livre-elevation-en-ligne\/"]}]},{"@type":"BreadcrumbList","@id":"https:\/\/elevationhero.com\/lire-gratuitement-livre-elevation-en-ligne\/#breadcrumb","itemListElement":[{"@type":"ListItem","position":1,"name":"Accueil","item":"https:\/\/elevationhero.com\/"},{"@type":"ListItem","position":2,"name":"Lire gratuitement le livre El\u00e9vation en ligne"}]},{"@type":"WebSite","@id":"https:\/\/elevationhero.com\/#website","url":"https:\/\/elevationhero.com\/","name":"Elevation","description":"Devenons nos propres h\u00e9ros pour impacter le monde positivement","publisher":{"@id":"https:\/\/elevationhero.com\/#organization"},"potentialAction":[{"@type":"SearchAction","target":{"@type":"EntryPoint","urlTemplate":"https:\/\/elevationhero.com\/?s={search_term_string}"},"query-input":"required name=search_term_string"}],"inLanguage":"en-US"},{"@type":"Organization","@id":"https:\/\/elevationhero.com\/#organization","name":"Elevation","url":"https:\/\/elevationhero.com\/","logo":{"@type":"ImageObject","inLanguage":"en-US","@id":"https:\/\/elevationhero.com\/#\/schema\/logo\/image\/","url":"https:\/\/elevationhero.com\/wp-content\/uploads\/2023\/04\/Logo_Text_Black1000_.png","contentUrl":"https:\/\/elevationhero.com\/wp-content\/uploads\/2023\/04\/Logo_Text_Black1000_.png","width":1001,"height":1180,"caption":"Elevation"},"image":{"@id":"https:\/\/elevationhero.com\/#\/schema\/logo\/image\/"}}]}},"_links":{"self":[{"href":"https:\/\/elevationhero.com\/en\/wp-json\/wp\/v2\/pages\/729","targetHints":{"allow":["GET"]}}],"collection":[{"href":"https:\/\/elevationhero.com\/en\/wp-json\/wp\/v2\/pages"}],"about":[{"href":"https:\/\/elevationhero.com\/en\/wp-json\/wp\/v2\/types\/page"}],"author":[{"embeddable":true,"href":"https:\/\/elevationhero.com\/en\/wp-json\/wp\/v2\/users\/1"}],"replies":[{"embeddable":true,"href":"https:\/\/elevationhero.com\/en\/wp-json\/wp\/v2\/comments?post=729"}],"version-history":[{"count":59,"href":"https:\/\/elevationhero.com\/en\/wp-json\/wp\/v2\/pages\/729\/revisions"}],"predecessor-version":[{"id":1373,"href":"https:\/\/elevationhero.com\/en\/wp-json\/wp\/v2\/pages\/729\/revisions\/1373"}],"wp:featuredmedia":[{"embeddable":true,"href":"https:\/\/elevationhero.com\/en\/wp-json\/wp\/v2\/media\/1101"}],"wp:attachment":[{"href":"https:\/\/elevationhero.com\/en\/wp-json\/wp\/v2\/media?parent=729"}],"curies":[{"name":"wp","href":"https:\/\/api.w.org\/{rel}","templated":true}]}}